{"id":2098,"date":"2021-08-31T12:11:58","date_gmt":"2021-08-31T12:11:58","guid":{"rendered":"https:\/\/merani.teatic.ec\/?page_id=2098"},"modified":"2024-08-19T19:29:34","modified_gmt":"2024-08-19T19:29:34","slug":"matricula-estudiantes-nuevos","status":"publish","type":"page","link":"https:\/\/www.ueplmerani.edu.ec\/index.php\/adminisiones\/matriculas\/matricula-estudiantes-nuevos\/","title":{"rendered":"Matricula estudiantes nuevos"},"content":{"rendered":"\t\t<div data-elementor-type=\"wp-page\" data-elementor-id=\"2098\" class=\"elementor elementor-2098\" data-elementor-settings=\"[]\">\n\t\t\t\t\t\t\t<div class=\"elementor-section-wrap\">\n\t\t\t\t\t\t\t<section class=\"elementor-section elementor-top-section elementor-element elementor-element-b06e04a elementor-section-full_width elementor-section-stretched elementor-section-height-default elementor-section-height-default elementor-invisible\" data-id=\"b06e04a\" data-element_type=\"section\" data-settings=\"{&quot;background_background&quot;:&quot;classic&quot;,&quot;animation&quot;:&quot;fadeInLeft&quot;,&quot;stretch_section&quot;:&quot;section-stretched&quot;}\">\n\t\t\t\t\t\t<div class=\"elementor-container elementor-column-gap-default\">\n\t\t\t\t\t<div class=\"elementor-column elementor-col-100 elementor-top-column elementor-element elementor-element-732f06b0\" data-id=\"732f06b0\" data-element_type=\"column\">\n\t\t\t<div class=\"elementor-widget-wrap elementor-element-populated\">\n\t\t\t\t\t\t\t\t<div class=\"elementor-element elementor-element-42c2d0db elementor-widget elementor-widget-heading\" data-id=\"42c2d0db\" data-element_type=\"widget\" data-widget_type=\"heading.default\">\n\t\t\t\t<div class=\"elementor-widget-container\">\n\t\t\t<h2 class=\"elementor-heading-title elementor-size-default\">MATR\u00cdCULAS EN L\u00cdNEA A\u00d1O LECTIVO 2024-2025<\/h2>\t\t<\/div>\n\t\t\t\t<\/div>\n\t\t\t\t<div class=\"elementor-element elementor-element-3490513f elementor-widget elementor-widget-text-editor\" data-id=\"3490513f\" data-element_type=\"widget\" data-widget_type=\"text-editor.default\">\n\t\t\t\t<div class=\"elementor-widget-container\">\n\t\t\t\t\t\t\t\t<h4 style=\"text-align: center;\">INICIAMOS EL 2 DE SEPTIEMBRE<br \/>Revise la siguiente informaci\u00f3n<\/h4>\t\t\t\t\t\t<\/div>\n\t\t\t\t<\/div>\n\t\t\t\t\t<\/div>\n\t\t<\/div>\n\t\t\t\t\t\t\t<\/div>\n\t\t<\/section>\n\t\t\t\t<section class=\"elementor-section elementor-top-section elementor-element elementor-element-8b882a4 elementor-section-boxed elementor-section-height-default elementor-section-height-default\" data-id=\"8b882a4\" data-element_type=\"section\">\n\t\t\t\t\t\t<div class=\"elementor-container elementor-column-gap-default\">\n\t\t\t\t\t<div class=\"elementor-column elementor-col-25 elementor-top-column elementor-element elementor-element-d009817\" data-id=\"d009817\" data-element_type=\"column\">\n\t\t\t<div class=\"elementor-widget-wrap\">\n\t\t\t\t\t\t\t\t\t<\/div>\n\t\t<\/div>\n\t\t\t\t<div class=\"elementor-column elementor-col-50 elementor-top-column elementor-element elementor-element-7e42655\" data-id=\"7e42655\" data-element_type=\"column\">\n\t\t\t<div class=\"elementor-widget-wrap elementor-element-populated\">\n\t\t\t\t\t\t\t\t<div class=\"elementor-element elementor-element-fe7d39e elementor-widget elementor-widget-text-editor\" data-id=\"fe7d39e\" data-element_type=\"widget\" data-widget_type=\"text-editor.default\">\n\t\t\t\t<div class=\"elementor-widget-container\">\n\t\t\t\t\t\t\t\t<h5 style=\"text-align: center;\">El proceso de matr\u00edculas se realizar\u00e1 en el <br \/><strong>SISTEMA ACAD\u00c9MICO INSTITUCIONAL <br \/><\/strong>a trav\u00e9s de la p\u00e1gina web<br \/><a href=\"http:\/\/www.ueplmerani.edu.ec\">www.ueplmerani.edu.ec<\/a><\/h5>\t\t\t\t\t\t<\/div>\n\t\t\t\t<\/div>\n\t\t\t\t\t<\/div>\n\t\t<\/div>\n\t\t\t\t<div class=\"elementor-column elementor-col-25 elementor-top-column elementor-element elementor-element-ec4e100\" data-id=\"ec4e100\" data-element_type=\"column\">\n\t\t\t<div class=\"elementor-widget-wrap\">\n\t\t\t\t\t\t\t\t\t<\/div>\n\t\t<\/div>\n\t\t\t\t\t\t\t<\/div>\n\t\t<\/section>\n\t\t\t\t<section class=\"elementor-section elementor-top-section elementor-element elementor-element-70a964cf elementor-section-boxed elementor-section-height-default elementor-section-height-default\" data-id=\"70a964cf\" data-element_type=\"section\">\n\t\t\t\t\t\t<div class=\"elementor-container elementor-column-gap-default\">\n\t\t\t\t\t<div class=\"elementor-column elementor-col-100 elementor-top-column elementor-element elementor-element-297bb798\" data-id=\"297bb798\" data-element_type=\"column\">\n\t\t\t<div class=\"elementor-widget-wrap elementor-element-populated\">\n\t\t\t\t\t\t\t\t<div class=\"elementor-element elementor-element-1adfdc82 elementor-widget elementor-widget-text-editor\" data-id=\"1adfdc82\" data-element_type=\"widget\" data-widget_type=\"text-editor.default\">\n\t\t\t\t<div class=\"elementor-widget-container\">\n\t\t\t\t\t\t\t\t<b><strong>PROCESO PARA ESTUDIANTES NUEVOS:<\/strong><\/b>\n<ol>\n \t<li><b><strong>El valor de la matr\u00edcula para EGB \u2013 BACH ser\u00e1 de $66,82<b><\/strong> (sesenta y seis con ochenta y dos centavos) y para <strong>INICIAL ser\u00e1 de $61,87<\/strong> (sesenta y uno con ochenta y siete centavos) y deber\u00e1 ser cancelado en cualquier Agencia del Banco Pichincha a nivel nacional; Ventanillas, Banca Web o Banco mi Vecino en la cuenta corriente n\u00famero 3357362104 a nombre de UE Profesor Luis Merani o Hipatia Garc\u00eda RUC 1703531754.<\/li>\n<\/ol>\n<ol>\n \t<li>Ingrese a la secci\u00f3n de matr\u00edculas.\n<ul>\n \t<li>Podr\u00e1 seleccionar a su representado para generar la matr\u00edcula.<\/li>\n \t<li>Subir la foto del estudiante, la misma que tendr\u00e1 las siguientes caracter\u00edsticas:\n<ul>\n \t<li>Foto tama\u00f1o carn\u00e9<\/li>\n \t<li>Se tomar\u00e1 con el fondo blanco.<\/li>\n \t<li>El corte de cabello y peinado adecuados, la fotograf\u00eda sirve para todo el expediente estudiantil.<\/li>\n<\/ul>\n<\/li>\n \t<li>Actualice, si es necesario, la informaci\u00f3n del Estudiante, Padre, Madre y Representante.<\/li>\n<\/ul>\n<\/li>\n<\/ol>\n<strong>IMPORTANTE<\/strong>\n<ul>\n \t<li>El Representante Legal debe descargar e imprimir la solicitud de matr\u00edcula, leer, firmar y escanear en <strong>formato PDF<\/strong> para adjuntar en el <strong>paso final de la matr\u00edcula.<\/strong><\/li>\n<\/ul>\n<strong>PASO FINAL DE LA MATR\u00cdCULA<\/strong>\n<ul>\n \t<li>En este paso debe adjuntar la <strong>FACTURA DE PAGO DE MATR\u00cdCULA<\/strong> y la <strong>SOLICITUD FIRMADA.<\/strong><\/li>\n<\/ul>\nEscanear en <strong>formato PDF<\/strong> en orden <strong>cronol\u00f3gico<\/strong> los siguientes documentos de acuerdo al nivel.\t\t\t\t\t\t<\/div>\n\t\t\t\t<\/div>\n\t\t\t\t<div class=\"elementor-element elementor-element-1aee9e11 elementor-widget elementor-widget-text-editor\" data-id=\"1aee9e11\" data-element_type=\"widget\" data-widget_type=\"text-editor.default\">\n\t\t\t\t<div class=\"elementor-widget-container\">\n\t\t\t\t\t\t\t\t\t\t\t\t\t\t<\/div>\n\t\t\t\t<\/div>\n\t\t\t\t\t<\/div>\n\t\t<\/div>\n\t\t\t\t\t\t\t<\/div>\n\t\t<\/section>\n\t\t\t\t<section class=\"elementor-section elementor-top-section elementor-element elementor-element-3641e009 elementor-section-content-middle elementor-section-boxed elementor-section-height-default elementor-section-height-default\" data-id=\"3641e009\" data-element_type=\"section\">\n\t\t\t\t\t\t<div class=\"elementor-container elementor-column-gap-no\">\n\t\t\t\t\t<div class=\"elementor-column elementor-col-100 elementor-top-column elementor-element elementor-element-75080955\" data-id=\"75080955\" data-element_type=\"column\">\n\t\t\t<div class=\"elementor-widget-wrap elementor-element-populated\">\n\t\t\t\t\t\t\t\t<section class=\"elementor-section elementor-inner-section elementor-element elementor-element-6fa5357f elementor-section-content-middle elementor-section-boxed elementor-section-height-default elementor-section-height-default\" data-id=\"6fa5357f\" data-element_type=\"section\">\n\t\t\t\t\t\t<div class=\"elementor-container elementor-column-gap-no\">\n\t\t\t\t\t<div class=\"elementor-column elementor-col-33 elementor-inner-column elementor-element elementor-element-3d432bc2\" data-id=\"3d432bc2\" data-element_type=\"column\">\n\t\t\t<div class=\"elementor-widget-wrap elementor-element-populated\">\n\t\t\t\t\t\t\t\t<div class=\"elementor-element elementor-element-37d1ef1a elementor-position-top elementor-vertical-align-top elementor-widget elementor-widget-image-box\" data-id=\"37d1ef1a\" data-element_type=\"widget\" data-widget_type=\"image-box.default\">\n\t\t\t\t<div class=\"elementor-widget-container\">\n\t\t\t<div class=\"elementor-image-box-wrapper\"><div class=\"elementor-image-box-content\"><h3 class=\"elementor-image-box-title\">INICIAL UNO<\/h3><p class=\"elementor-image-box-description\"><ol style=\"text-align: left;\">\n    <li>Foto tama\u00f1o carn\u00e9 del ni\u00f1o\/a.<\/li>\n    <li>Copia de c\u00e9dula del estudiante.<\/li>\n    <li>Copia del carnet de vacunas.<\/li>\n<\/ol>\n<br>\n<br><\/p><\/div><\/div>\t\t<\/div>\n\t\t\t\t<\/div>\n\t\t\t\t\t<\/div>\n\t\t<\/div>\n\t\t\t\t<div class=\"elementor-column elementor-col-33 elementor-inner-column elementor-element elementor-element-43120e00\" data-id=\"43120e00\" data-element_type=\"column\">\n\t\t\t<div class=\"elementor-widget-wrap elementor-element-populated\">\n\t\t\t\t\t\t\t\t<div class=\"elementor-element elementor-element-3820bbb9 elementor-position-top elementor-vertical-align-top elementor-widget elementor-widget-image-box\" data-id=\"3820bbb9\" data-element_type=\"widget\" data-widget_type=\"image-box.default\">\n\t\t\t\t<div class=\"elementor-widget-container\">\n\t\t\t<div class=\"elementor-image-box-wrapper\"><div class=\"elementor-image-box-content\"><h3 class=\"elementor-image-box-title\">INICIAL DOS<\/h3><p class=\"elementor-image-box-description\"><ol style=\"text-align: left;\">\n    <li>Foto tama\u00f1o carn\u00e9 del ni\u00f1o\/a.<\/li>\n    <li>Informe anual de calificaciones para los ni\u00f1os que aprobaron el nivel I.<\/li>\n    <li>Copia de c\u00e9dula del estudiante.<\/li>\n    <li>Copia del carnet de vacunas.<\/li>\n<\/ol>\n<\/p><\/div><\/div>\t\t<\/div>\n\t\t\t\t<\/div>\n\t\t\t\t\t<\/div>\n\t\t<\/div>\n\t\t\t\t<div class=\"elementor-column elementor-col-33 elementor-inner-column elementor-element elementor-element-78991f29\" data-id=\"78991f29\" data-element_type=\"column\">\n\t\t\t<div class=\"elementor-widget-wrap elementor-element-populated\">\n\t\t\t\t\t\t\t\t<div class=\"elementor-element elementor-element-2aa0d72f elementor-position-top elementor-vertical-align-top elementor-widget elementor-widget-image-box\" data-id=\"2aa0d72f\" data-element_type=\"widget\" data-widget_type=\"image-box.default\">\n\t\t\t\t<div class=\"elementor-widget-container\">\n\t\t\t<div class=\"elementor-image-box-wrapper\"><div class=\"elementor-image-box-content\"><h3 class=\"elementor-image-box-title\">PREPARATORIA<\/h3><p class=\"elementor-image-box-description\"><ol style=\"text-align: left;\">\n    <li>Informe anual de calificaciones para los ni\u00f1os que aprobaron el nivel II.<\/li>\n    <li>Copia de c\u00e9dula del estudiante.<\/li>\n    <li>Copia del carnet de vacunas.<\/li>\n    <li>Foto tama\u00f1o carn\u00e9 del ni\u00f1o\/a.<\/li>\n<\/ol>\n<\/p><\/div><\/div>\t\t<\/div>\n\t\t\t\t<\/div>\n\t\t\t\t\t<\/div>\n\t\t<\/div>\n\t\t\t\t\t\t\t<\/div>\n\t\t<\/section>\n\t\t\t\t<section class=\"elementor-section elementor-inner-section elementor-element elementor-element-91e7307 elementor-section-content-middle elementor-section-boxed elementor-section-height-default elementor-section-height-default\" data-id=\"91e7307\" data-element_type=\"section\">\n\t\t\t\t\t\t<div class=\"elementor-container elementor-column-gap-no\">\n\t\t\t\t\t<div class=\"elementor-column elementor-col-50 elementor-inner-column elementor-element elementor-element-c235a9a\" data-id=\"c235a9a\" data-element_type=\"column\">\n\t\t\t<div class=\"elementor-widget-wrap elementor-element-populated\">\n\t\t\t\t\t\t\t\t<div class=\"elementor-element elementor-element-6c6e88c elementor-position-top elementor-vertical-align-top elementor-widget elementor-widget-image-box\" data-id=\"6c6e88c\" data-element_type=\"widget\" data-widget_type=\"image-box.default\">\n\t\t\t\t<div class=\"elementor-widget-container\">\n\t\t\t<div class=\"elementor-image-box-wrapper\"><div class=\"elementor-image-box-content\"><h3 class=\"elementor-image-box-title\">2DO. EGB A 10MO. DE EDUCACI\u00d3N GENERAL B\u00c1SICA<\/h3><p class=\"elementor-image-box-description\"><ol style=\"text-align: left;\">\n    <li>Certificados de Matr\u00edcula y Promociones desde el Segundo a\u00f1o de Educaci\u00f3n B\u00e1sica hasta el \u00faltimo a\u00f1o escolar aprobado, donde conste el aprovechamiento y comportamiento de todos los a\u00f1os lectivos, legalizados por la Direcci\u00f3n Distrital correspondiente.<\/li>\n<\/ol>\n<br><br><br><br><\/p><\/div><\/div>\t\t<\/div>\n\t\t\t\t<\/div>\n\t\t\t\t\t<\/div>\n\t\t<\/div>\n\t\t\t\t<div class=\"elementor-column elementor-col-50 elementor-inner-column elementor-element elementor-element-6e35b2d\" data-id=\"6e35b2d\" data-element_type=\"column\">\n\t\t\t<div class=\"elementor-widget-wrap elementor-element-populated\">\n\t\t\t\t\t\t\t\t<div class=\"elementor-element elementor-element-5aeb9cd elementor-position-top elementor-vertical-align-top elementor-widget elementor-widget-image-box\" data-id=\"5aeb9cd\" data-element_type=\"widget\" data-widget_type=\"image-box.default\">\n\t\t\t\t<div class=\"elementor-widget-container\">\n\t\t\t<div class=\"elementor-image-box-wrapper\"><div class=\"elementor-image-box-content\"><h3 class=\"elementor-image-box-title\">1RO. 2DO. Y 3RO. DE BACHILLERATO<\/h3><p class=\"elementor-image-box-description\"><ol style=\"text-align: left;\">\n    <li>Certificados de Matr\u00edcula y Promociones desde el Segundo a\u00f1o de Educaci\u00f3n B\u00e1sica hasta el \u00faltimo a\u00f1o escolar aprobado, donde conste el aprovechamiento y comportamiento de todos los a\u00f1os lectivos, legalizados por la Direcci\u00f3n Distrital correspondiente.<\/li>\n    <li>Certificado o Documento que acredite haber culminado el Programa de Participaci\u00f3n Estudiantil con las notas y horas correspondientes (solo para alumnos que ingresan a 2do. y 3ro. de bachillerato).<\/li>\n<\/ol>\n<\/p><\/div><\/div>\t\t<\/div>\n\t\t\t\t<\/div>\n\t\t\t\t\t<\/div>\n\t\t<\/div>\n\t\t\t\t\t\t\t<\/div>\n\t\t<\/section>\n\t\t\t\t\t<\/div>\n\t\t<\/div>\n\t\t\t\t\t\t\t<\/div>\n\t\t<\/section>\n\t\t\t\t<section class=\"elementor-section elementor-top-section elementor-element elementor-element-899139f elementor-section-boxed elementor-section-height-default elementor-section-height-default\" data-id=\"899139f\" data-element_type=\"section\">\n\t\t\t\t\t\t<div class=\"elementor-container elementor-column-gap-default\">\n\t\t\t\t\t\t\t\t<\/div>\n\t\t<\/section>\n\t\t\t\t<section class=\"elementor-section elementor-top-section elementor-element elementor-element-45d62a0 elementor-section-boxed elementor-section-height-default elementor-section-height-default\" data-id=\"45d62a0\" data-element_type=\"section\">\n\t\t\t\t\t\t<div class=\"elementor-container elementor-column-gap-default\">\n\t\t\t\t\t<div class=\"elementor-column elementor-col-100 elementor-top-column elementor-element elementor-element-19e34ea\" data-id=\"19e34ea\" data-element_type=\"column\" data-settings=\"{&quot;background_background&quot;:&quot;classic&quot;}\">\n\t\t\t<div class=\"elementor-widget-wrap elementor-element-populated\">\n\t\t\t\t\t\t\t\t<div class=\"elementor-element elementor-element-bd9a66b elementor-widget elementor-widget-text-editor\" data-id=\"bd9a66b\" data-element_type=\"widget\" data-widget_type=\"text-editor.default\">\n\t\t\t\t<div class=\"elementor-widget-container\">\n\t\t\t\t\t\t\t\t<p>Una vez subidos los documentos debe esperar tres (3) d\u00edas laborables para que la matr\u00edcula sea aprobada, si alguno de los requisitos no es v\u00e1lido la matr\u00edcula quedar\u00e1 pendiente y recibir\u00e1 un correo electr\u00f3nico notific\u00e1ndole los errores encontrados para su debida rectificaci\u00f3n.<\/p><p>Despu\u00e9s del tiempo de espera recibir\u00e1 un correo electr\u00f3nico de confirmaci\u00f3n o puede entrar a verificar en el sistema de matr\u00edculas donde su representado tendr\u00e1 una ficha de color verde si el proceso ha sido completado satisfactoriamente, como constancia, puede imprimir el certificado de matr\u00edcula.<\/p><p><strong>Quienes presentaren alguna dificultad para ingresar la documentaci\u00f3n, por favor cont\u00e1ctese a los siguientes n\u00fameros telef\u00f3nicos con el fin de obtener una cita a partir del 12 de agosto, para fijar el d\u00eda y la hora de atenci\u00f3n y poder solventar su problema:<\/strong><\/p><p><strong>Administraci\u00f3n:<\/strong><br \/>0993581977, 0958968623<\/p><p><strong>Quienes presenten dificultades con su factura, favor comunicarse con:<\/strong><\/p><p><strong>Administraci\u00f3n:<\/strong><br \/>0993581977 \/ 0958968623<\/p><p><strong>CORREOS INSTITUCIONALES PARA REALIZAR CUALQUIER TR\u00c1MITE<\/strong><\/p><p>17h01640@gmail.com<br \/>secretaria@ueplmerani.edu.ec<br \/><br \/><b><b><br \/><strong>CON GUSTO LE ATENDEREMOS<\/strong><br \/><\/b><\/b><\/p><p style=\"text-align: center;\"><strong>RECTORADO\u00a0\u00a0\u00a0\u00a0\u00a0\u00a0\u00a0\u00a0\u00a0\u00a0\u00a0\u00a0\u00a0\u00a0\u00a0\u00a0\u00a0\u00a0\u00a0\u00a0\u00a0\u00a0\u00a0\u00a0\u00a0\u00a0\u00a0\u00a0\u00a0\u00a0\u00a0\u00a0 SECRETAR\u00cdA<\/strong><\/p>\t\t\t\t\t\t<\/div>\n\t\t\t\t<\/div>\n\t\t\t\t\t<\/div>\n\t\t<\/div>\n\t\t\t\t\t\t\t<\/div>\n\t\t<\/section>\n\t\t\t\t<section class=\"elementor-section elementor-top-section elementor-element elementor-element-54265ac elementor-section-boxed elementor-section-height-default elementor-section-height-default\" data-id=\"54265ac\" data-element_type=\"section\">\n\t\t\t\t\t\t<div class=\"elementor-container elementor-column-gap-default\">\n\t\t\t\t\t<div class=\"elementor-column elementor-col-100 elementor-top-column elementor-element elementor-element-79421b5\" data-id=\"79421b5\" data-element_type=\"column\">\n\t\t\t<div class=\"elementor-widget-wrap\">\n\t\t\t\t\t\t\t\t\t<\/div>\n\t\t<\/div>\n\t\t\t\t\t\t\t<\/div>\n\t\t<\/section>\n\t\t\t\t<section class=\"elementor-section elementor-top-section elementor-element elementor-element-13445b16 elementor-section-full_width elementor-section-stretched elementor-section-height-default elementor-section-height-default\" data-id=\"13445b16\" data-element_type=\"section\" data-settings=\"{&quot;stretch_section&quot;:&quot;section-stretched&quot;,&quot;background_background&quot;:&quot;classic&quot;}\">\n\t\t\t\t\t\t<div class=\"elementor-container elementor-column-gap-default\">\n\t\t\t\t\t<div class=\"elementor-column elementor-col-25 elementor-top-column elementor-element elementor-element-303dcbff\" data-id=\"303dcbff\" data-element_type=\"column\">\n\t\t\t<div class=\"elementor-widget-wrap elementor-element-populated\">\n\t\t\t\t\t\t\t\t<div class=\"elementor-element elementor-element-354fb44 elementor-widget elementor-widget-image\" data-id=\"354fb44\" data-element_type=\"widget\" data-widget_type=\"image.default\">\n\t\t\t\t<div class=\"elementor-widget-container\">\n\t\t\t\t\t\t\t\t\t\t\t\t\t\t\t<img width=\"264\" height=\"135\" src=\"https:\/\/www.ueplmerani.edu.ec\/wp-content\/uploads\/2021\/06\/logo_AC.png\" class=\"attachment-large size-large\" alt=\"\" loading=\"lazy\" \/>\t\t\t\t\t\t\t\t\t\t\t\t\t\t\t<\/div>\n\t\t\t\t<\/div>\n\t\t\t\t\t<\/div>\n\t\t<\/div>\n\t\t\t\t<div class=\"elementor-column elementor-col-25 elementor-top-column elementor-element elementor-element-22e5f70e\" data-id=\"22e5f70e\" data-element_type=\"column\">\n\t\t\t<div class=\"elementor-widget-wrap elementor-element-populated\">\n\t\t\t\t\t\t\t\t<div class=\"elementor-element elementor-element-5dfe4db8 elementor-widget elementor-widget-heading\" data-id=\"5dfe4db8\" data-element_type=\"widget\" data-widget_type=\"heading.default\">\n\t\t\t\t<div class=\"elementor-widget-container\">\n\t\t\t<h4 class=\"elementor-heading-title elementor-size-medium\">NUESTRA INSTITUCI\u00d3N<\/h4>\t\t<\/div>\n\t\t\t\t<\/div>\n\t\t\t\t<div class=\"elementor-element elementor-element-29ad6fa6 elementor-icon-list--layout-traditional elementor-list-item-link-full_width elementor-widget elementor-widget-icon-list\" data-id=\"29ad6fa6\" data-element_type=\"widget\" data-widget_type=\"icon-list.default\">\n\t\t\t\t<div class=\"elementor-widget-container\">\n\t\t\t\t\t<ul class=\"elementor-icon-list-items\">\n\t\t\t\t\t\t\t<li class=\"elementor-icon-list-item\">\n\t\t\t\t\t<a href=\"http:\/\/...\/sobre-nosotros\/\">\t\t\t\t\t<span class=\"elementor-icon-list-text\">Sobre Nosotros<\/span>\n\t\t\t\t\t\t\t\t\t\t\t<\/a>\n\t\t\t\t\t\t\t\t\t<\/li>\n\t\t\t\t\t\t\t\t<li class=\"elementor-icon-list-item\">\n\t\t\t\t\t\t\t\t\t\t<span class=\"elementor-icon-list-text\">Eventos<\/span>\n\t\t\t\t\t\t\t\t\t<\/li>\n\t\t\t\t\t\t\t\t<li class=\"elementor-icon-list-item\">\n\t\t\t\t\t\t\t\t\t\t<span class=\"elementor-icon-list-text\">Contactos<\/span>\n\t\t\t\t\t\t\t\t\t<\/li>\n\t\t\t\t\t\t<\/ul>\n\t\t\t\t<\/div>\n\t\t\t\t<\/div>\n\t\t\t\t\t<\/div>\n\t\t<\/div>\n\t\t\t\t<div class=\"elementor-column elementor-col-25 elementor-top-column elementor-element elementor-element-6d236c04\" data-id=\"6d236c04\" data-element_type=\"column\">\n\t\t\t<div class=\"elementor-widget-wrap elementor-element-populated\">\n\t\t\t\t\t\t\t\t<div class=\"elementor-element elementor-element-223e6b53 elementor-widget elementor-widget-heading\" data-id=\"223e6b53\" data-element_type=\"widget\" data-widget_type=\"heading.default\">\n\t\t\t\t<div class=\"elementor-widget-container\">\n\t\t\t<h4 class=\"elementor-heading-title elementor-size-medium\">ENLACES R\u00c1PIDOS<\/h4>\t\t<\/div>\n\t\t\t\t<\/div>\n\t\t\t\t<div class=\"elementor-element elementor-element-1bc5b0ab elementor-icon-list--layout-traditional elementor-list-item-link-full_width elementor-widget elementor-widget-icon-list\" data-id=\"1bc5b0ab\" data-element_type=\"widget\" data-widget_type=\"icon-list.default\">\n\t\t\t\t<div class=\"elementor-widget-container\">\n\t\t\t\t\t<ul class=\"elementor-icon-list-items\">\n\t\t\t\t\t\t\t<li class=\"elementor-icon-list-item\">\n\t\t\t\t\t\t\t\t\t\t<span class=\"elementor-icon-list-text\">Oferta Acad\u00e9mica<\/span>\n\t\t\t\t\t\t\t\t\t<\/li>\n\t\t\t\t\t\t\t\t<li class=\"elementor-icon-list-item\">\n\t\t\t\t\t\t\t\t\t\t<span class=\"elementor-icon-list-text\">Eventos<\/span>\n\t\t\t\t\t\t\t\t\t<\/li>\n\t\t\t\t\t\t\t\t<li class=\"elementor-icon-list-item\">\n\t\t\t\t\t\t\t\t\t\t<span class=\"elementor-icon-list-text\">Galer\u00eda<\/span>\n\t\t\t\t\t\t\t\t\t<\/li>\n\t\t\t\t\t\t<\/ul>\n\t\t\t\t<\/div>\n\t\t\t\t<\/div>\n\t\t\t\t\t<\/div>\n\t\t<\/div>\n\t\t\t\t<div class=\"elementor-column elementor-col-25 elementor-top-column elementor-element elementor-element-5fc050ba\" data-id=\"5fc050ba\" data-element_type=\"column\">\n\t\t\t<div class=\"elementor-widget-wrap elementor-element-populated\">\n\t\t\t\t\t\t\t\t<div class=\"elementor-element elementor-element-c602db0 elementor-widget elementor-widget-heading\" data-id=\"c602db0\" data-element_type=\"widget\" data-widget_type=\"heading.default\">\n\t\t\t\t<div class=\"elementor-widget-container\">\n\t\t\t<h4 class=\"elementor-heading-title elementor-size-medium\">CONTACTO<\/h4>\t\t<\/div>\n\t\t\t\t<\/div>\n\t\t\t\t<div class=\"elementor-element elementor-element-41dabdc2 elementor-icon-list--layout-traditional elementor-list-item-link-full_width elementor-widget elementor-widget-icon-list\" data-id=\"41dabdc2\" data-element_type=\"widget\" data-widget_type=\"icon-list.default\">\n\t\t\t\t<div class=\"elementor-widget-container\">\n\t\t\t\t\t<ul class=\"elementor-icon-list-items\">\n\t\t\t\t\t\t\t<li class=\"elementor-icon-list-item\">\n\t\t\t\t\t\t\t\t\t\t\t<span class=\"elementor-icon-list-icon\">\n\t\t\t\t\t\t\t<i aria-hidden=\"true\" class=\"far fa-building\"><\/i>\t\t\t\t\t\t<\/span>\n\t\t\t\t\t\t\t\t\t\t<span class=\"elementor-icon-list-text\">Calder\u00f3n, Car\u00e1n y Pasaje de las Dalias | Quito - Ecuador<\/span>\n\t\t\t\t\t\t\t\t\t<\/li>\n\t\t\t\t\t\t\t\t<li class=\"elementor-icon-list-item\">\n\t\t\t\t\t\t\t\t\t\t\t<span class=\"elementor-icon-list-icon\">\n\t\t\t\t\t\t\t<i aria-hidden=\"true\" class=\"fas fa-phone\"><\/i>\t\t\t\t\t\t<\/span>\n\t\t\t\t\t\t\t\t\t\t<span class=\"elementor-icon-list-text\">Tel\u00e9fono: Tel\u00e9fonos: (593 2) 2821 825 \/ 2021 801<\/span>\n\t\t\t\t\t\t\t\t\t<\/li>\n\t\t\t\t\t\t\t\t<li class=\"elementor-icon-list-item\">\n\t\t\t\t\t\t\t\t\t\t\t<span class=\"elementor-icon-list-icon\">\n\t\t\t\t\t\t\t<i aria-hidden=\"true\" class=\"fas fa-mail-bulk\"><\/i>\t\t\t\t\t\t<\/span>\n\t\t\t\t\t\t\t\t\t\t<span class=\"elementor-icon-list-text\">E-mail: secretaria@ueplmerani.edu.ec<\/span>\n\t\t\t\t\t\t\t\t\t<\/li>\n\t\t\t\t\t\t<\/ul>\n\t\t\t\t<\/div>\n\t\t\t\t<\/div>\n\t\t\t\t\t<\/div>\n\t\t<\/div>\n\t\t\t\t\t\t\t<\/div>\n\t\t<\/section>\n\t\t\t\t\t\t<\/div>\n\t\t\t\t\t<\/div>\n\t\t","protected":false},"excerpt":{"rendered":"<p>MATR\u00cdCULAS EN L\u00cdNEA A\u00d1O LECTIVO 2024-2025 INICIAMOS EL 2 DE SEPTIEMBRERevise la siguiente informaci\u00f3n El proceso de matr\u00edculas se realizar\u00e1 en el SISTEMA ACAD\u00c9MICO INSTITUCIONAL a trav\u00e9s de la p\u00e1gina webwww.ueplmerani.edu.ec PROCESO PARA ESTUDIANTES NUEVOS: El valor de la matr\u00edcula para EGB \u2013 BACH ser\u00e1 de $66,82 (sesenta y seis con ochenta y dos centavos) [&hellip;]<\/p>\n","protected":false},"author":2,"featured_media":0,"parent":2061,"menu_order":0,"comment_status":"closed","ping_status":"closed","template":"","meta":[],"_links":{"self":[{"href":"https:\/\/www.ueplmerani.edu.ec\/index.php\/wp-json\/wp\/v2\/pages\/2098"}],"collection":[{"href":"https:\/\/www.ueplmerani.edu.ec\/index.php\/wp-json\/wp\/v2\/pages"}],"about":[{"href":"https:\/\/www.ueplmerani.edu.ec\/index.php\/wp-json\/wp\/v2\/types\/page"}],"author":[{"embeddable":true,"href":"https:\/\/www.ueplmerani.edu.ec\/index.php\/wp-json\/wp\/v2\/users\/2"}],"replies":[{"embeddable":true,"href":"https:\/\/www.ueplmerani.edu.ec\/index.php\/wp-json\/wp\/v2\/comments?post=2098"}],"version-history":[{"count":124,"href":"https:\/\/www.ueplmerani.edu.ec\/index.php\/wp-json\/wp\/v2\/pages\/2098\/revisions"}],"predecessor-version":[{"id":2660,"href":"https:\/\/www.ueplmerani.edu.ec\/index.php\/wp-json\/wp\/v2\/pages\/2098\/revisions\/2660"}],"up":[{"embeddable":true,"href":"https:\/\/www.ueplmerani.edu.ec\/index.php\/wp-json\/wp\/v2\/pages\/2061"}],"wp:attachment":[{"href":"https:\/\/www.ueplmerani.edu.ec\/index.php\/wp-json\/wp\/v2\/media?parent=2098"}],"curies":[{"name":"wp","href":"https:\/\/api.w.org\/{rel}","templated":true}]}}