{"id":1849,"date":"2021-07-19T02:40:42","date_gmt":"2021-07-19T02:40:42","guid":{"rendered":"https:\/\/merani.teatic.ec\/?page_id=1849"},"modified":"2021-08-03T14:03:02","modified_gmt":"2021-08-03T14:03:02","slug":"patrono","status":"publish","type":"page","link":"https:\/\/www.ueplmerani.edu.ec\/index.php\/sobre-nosotros\/patrono\/","title":{"rendered":"Patrono"},"content":{"rendered":"\t\t<div data-elementor-type=\"wp-page\" data-elementor-id=\"1849\" class=\"elementor elementor-1849\" data-elementor-settings=\"[]\">\n\t\t\t\t\t\t\t<div class=\"elementor-section-wrap\">\n\t\t\t\t\t\t\t<section class=\"elementor-section elementor-top-section elementor-element elementor-element-198f5d0f elementor-section-boxed elementor-section-height-default elementor-section-height-default\" data-id=\"198f5d0f\" data-element_type=\"section\">\n\t\t\t\t\t\t<div class=\"elementor-container elementor-column-gap-default\">\n\t\t\t\t\t<div class=\"elementor-column elementor-col-100 elementor-top-column elementor-element elementor-element-3850c20\" data-id=\"3850c20\" data-element_type=\"column\">\n\t\t\t<div class=\"elementor-widget-wrap elementor-element-populated\">\n\t\t\t\t\t\t\t\t<section class=\"elementor-section elementor-inner-section elementor-element elementor-element-3ad67bc4 elementor-section-boxed elementor-section-height-default elementor-section-height-default\" data-id=\"3ad67bc4\" data-element_type=\"section\">\n\t\t\t\t\t\t<div class=\"elementor-container elementor-column-gap-default\">\n\t\t\t\t\t<div class=\"elementor-column elementor-col-100 elementor-inner-column elementor-element elementor-element-1bb68623\" data-id=\"1bb68623\" data-element_type=\"column\">\n\t\t\t<div class=\"elementor-widget-wrap elementor-element-populated\">\n\t\t\t\t\t\t\t\t<div class=\"elementor-element elementor-element-5b626e43 elementor-widget elementor-widget-heading\" data-id=\"5b626e43\" data-element_type=\"widget\" data-widget_type=\"heading.default\">\n\t\t\t\t<div class=\"elementor-widget-container\">\n\t\t\t<h2 class=\"elementor-heading-title elementor-size-default\">RESE\u00d1A BIOGR\u00c1FICA<\/h2>\t\t<\/div>\n\t\t\t\t<\/div>\n\t\t\t\t<div class=\"elementor-element elementor-element-791eec2d education-divider-center elementor-widget elementor-widget-education-divider\" data-id=\"791eec2d\" data-element_type=\"widget\" data-widget_type=\"education-divider.default\">\n\t\t\t\t<div class=\"elementor-widget-container\">\n\t\t\t        <div class=\"education-divider-wrap\">\n                            <div class=\"divider-text-container\">\n                    <div class=\"divider-text-wrap\">\n                        <span class=\"divider-border-wrap divider-border-left\">\n                            <span class=\"divider-border\"><\/span>\n                        <\/span>\n                        <span class=\"education-divider-content\">\n                                                            <span class=\"education-divider-icon\">\n\t\t\t\t\t\t\t\t\t<span><i aria-hidden=\"true\" class=\"fa fa-graduation-cap\"><\/i><\/span>\n                                <\/span>\n                                                    <\/span>\n                        <span class=\"divider-border-wrap divider-border-right\">\n                            <span class=\"divider-border\"><\/span>\n                        <\/span>\n                    <\/div>\n                <\/div>\n                        <\/div>    \n        \t\t<\/div>\n\t\t\t\t<\/div>\n\t\t\t\t\t<\/div>\n\t\t<\/div>\n\t\t\t\t\t\t\t<\/div>\n\t\t<\/section>\n\t\t\t\t\t<\/div>\n\t\t<\/div>\n\t\t\t\t\t\t\t<\/div>\n\t\t<\/section>\n\t\t\t\t<section class=\"elementor-section elementor-top-section elementor-element elementor-element-45334ae6 elementor-section-stretched elementor-section-boxed elementor-section-height-default elementor-section-height-default\" data-id=\"45334ae6\" data-element_type=\"section\" data-settings=\"{&quot;stretch_section&quot;:&quot;section-stretched&quot;}\">\n\t\t\t\t\t\t<div class=\"elementor-container elementor-column-gap-default\">\n\t\t\t\t\t<div class=\"elementor-column elementor-col-50 elementor-top-column elementor-element elementor-element-315c360\" data-id=\"315c360\" data-element_type=\"column\">\n\t\t\t<div class=\"elementor-widget-wrap elementor-element-populated\">\n\t\t\t\t\t\t\t\t<div class=\"elementor-element elementor-element-634b0576 elementor-widget elementor-widget-heading\" data-id=\"634b0576\" data-element_type=\"widget\" data-widget_type=\"heading.default\">\n\t\t\t\t<div class=\"elementor-widget-container\">\n\t\t\t<h2 class=\"elementor-heading-title elementor-size-default\">PROFESOR ALBERTO L. MERANI.<\/h2>\t\t<\/div>\n\t\t\t\t<\/div>\n\t\t\t\t<div class=\"elementor-element elementor-element-680120c2 elementor-widget elementor-widget-text-editor\" data-id=\"680120c2\" data-element_type=\"widget\" data-widget_type=\"text-editor.default\">\n\t\t\t\t<div class=\"elementor-widget-container\">\n\t\t\t\t\t\t\t\t<p style=\"text-align: justify;\">La \u201cUnidad Educativa \u201cProfesor Luis Merani\u201d enaltece el nombre de uno de los mejores exponentes de la Literatura Psicol\u00f3gica de Am\u00e9rica Latina, el ilustre m\u00e9dico, psic\u00f3logo gen\u00e9tico, materialista y dial\u00e9ctico \u201cProfesor Alberto L. Merani\u201d. Estudioso incansable de las \u201cTeor\u00edas Psicol\u00f3gicas de la Psicopatolog\u00eda\u201d y de las \u201cTeor\u00edas de la Personalidad\u201d, fundador del Centro de Orientaci\u00f3n Estudiantil y Asistencia Mental de la Universidad de los Andes (Venezuela), de la \u201cFundaci\u00f3n Alberto Merani\u201d (Colombia) y creador de la teor\u00eda de la Psicobiolog\u00eda. Dej\u00f3 un legado maravilloso de m\u00e1s de cuarenta obras: \u201cTratado de Psicolog\u00eda\u201d, \u201cLa Educaci\u00f3n en Latinoam\u00e9rica\u201d \u201cDe la Praxis a la Raz\u00f3n\u201d, \u201cHistoria Ideol\u00f3gica de la Psicolog\u00eda Infantil\u201d \u201cCarta Abierta a los Consumidores de Psicolog\u00eda\u201d \u201cMito y Realidad\u201d, entre otras.<\/p>\t\t\t\t\t\t<\/div>\n\t\t\t\t<\/div>\n\t\t\t\t\t<\/div>\n\t\t<\/div>\n\t\t\t\t<div class=\"elementor-column elementor-col-50 elementor-top-column elementor-element elementor-element-607780ac\" data-id=\"607780ac\" data-element_type=\"column\">\n\t\t\t<div class=\"elementor-widget-wrap elementor-element-populated\">\n\t\t\t\t\t\t\t\t<div class=\"elementor-element elementor-element-1ed83f84 elementor-widget elementor-widget-image\" data-id=\"1ed83f84\" data-element_type=\"widget\" data-widget_type=\"image.default\">\n\t\t\t\t<div class=\"elementor-widget-container\">\n\t\t\t\t\t\t\t\t\t\t\t\t\t\t\t<img src=\"https:\/\/www.ueplmerani.edu.ec\/wp-content\/uploads\/2021\/07\/Screenshot-2021-07-18-at-21-39-18-Redalyc-Alberto-L-Merani\u0301-1918-1984-80516311-pdf-270x310.png\" title=\"Screenshot 2021-07-18 at 21-39-18 Redalyc Alberto L Merani\u0301 (1918-1984) &#8211; 80516311 pdf\" alt=\"Screenshot 2021-07-18 at 21-39-18 Redalyc Alberto L Merani\u0301 (1918-1984) - 80516311 pdf\" \/>\t\t\t\t\t\t\t\t\t\t\t\t\t\t\t<\/div>\n\t\t\t\t<\/div>\n\t\t\t\t\t<\/div>\n\t\t<\/div>\n\t\t\t\t\t\t\t<\/div>\n\t\t<\/section>\n\t\t\t\t<section class=\"elementor-section elementor-top-section elementor-element elementor-element-0b93b87 elementor-section-stretched elementor-section-boxed elementor-section-height-default elementor-section-height-default\" data-id=\"0b93b87\" data-element_type=\"section\" data-settings=\"{&quot;stretch_section&quot;:&quot;section-stretched&quot;}\">\n\t\t\t\t\t\t<div class=\"elementor-container elementor-column-gap-default\">\n\t\t\t\t\t<div class=\"elementor-column elementor-col-50 elementor-top-column elementor-element elementor-element-9aef3b1\" data-id=\"9aef3b1\" data-element_type=\"column\">\n\t\t\t<div class=\"elementor-widget-wrap elementor-element-populated\">\n\t\t\t\t\t\t\t\t<div class=\"elementor-element elementor-element-2500d27 elementor-widget elementor-widget-text-editor\" data-id=\"2500d27\" data-element_type=\"widget\" data-widget_type=\"text-editor.default\">\n\t\t\t\t<div class=\"elementor-widget-container\">\n\t\t\t\t\t\t\t\t<p style=\"text-align: justify;\">Su trabajo cient\u00edfico-investigativo se mantiene vivo y avanza, gracias al esfuerzo, dedicaci\u00f3n y perseverancia del tambi\u00e9n incansable estudioso de las ciencias de la Psicolog\u00eda, su compa\u00f1ero y disc\u00edpulo, el reconocido Psic\u00f3logo Miguel de Zubir\u00eda Samper.<\/p><p style=\"text-align: justify;\">Como se puede apreciar la identificaci\u00f3n de la Instituci\u00f3n proyecta un trabajo dirigido hacia la investigaci\u00f3n, innovaci\u00f3n y creaci\u00f3n, inspirado en tan valiosos precursores, quienes han dedicado su vida a la ciencia y a la educaci\u00f3n.<\/p>\t\t\t\t\t\t<\/div>\n\t\t\t\t<\/div>\n\t\t\t\t\t<\/div>\n\t\t<\/div>\n\t\t\t\t<div class=\"elementor-column elementor-col-50 elementor-top-column elementor-element elementor-element-a3918fa\" data-id=\"a3918fa\" data-element_type=\"column\">\n\t\t\t<div class=\"elementor-widget-wrap elementor-element-populated\">\n\t\t\t\t\t\t\t\t<div class=\"elementor-element elementor-element-bc8e776 elementor-widget elementor-widget-image\" data-id=\"bc8e776\" data-element_type=\"widget\" data-widget_type=\"image.default\">\n\t\t\t\t<div class=\"elementor-widget-container\">\n\t\t\t\t\t\t\t\t\t\t\t\t\t\t\t<img src=\"https:\/\/www.ueplmerani.edu.ec\/wp-content\/uploads\/2021\/08\/Miguel_De_Zubiria-270x310.png\" title=\"Miguel_De_Zubiria\" alt=\"Miguel_De_Zubiria\" \/>\t\t\t\t\t\t\t\t\t\t\t\t\t\t\t<\/div>\n\t\t\t\t<\/div>\n\t\t\t\t\t<\/div>\n\t\t<\/div>\n\t\t\t\t\t\t\t<\/div>\n\t\t<\/section>\n\t\t\t\t<section class=\"elementor-section elementor-top-section elementor-element elementor-element-42bdd53 elementor-section-full_width elementor-section-stretched elementor-section-height-default elementor-section-height-default\" data-id=\"42bdd53\" data-element_type=\"section\" data-settings=\"{&quot;stretch_section&quot;:&quot;section-stretched&quot;,&quot;background_background&quot;:&quot;classic&quot;}\">\n\t\t\t\t\t\t<div class=\"elementor-container elementor-column-gap-default\">\n\t\t\t\t\t<div class=\"elementor-column elementor-col-25 elementor-top-column elementor-element elementor-element-378144c\" data-id=\"378144c\" data-element_type=\"column\">\n\t\t\t<div class=\"elementor-widget-wrap elementor-element-populated\">\n\t\t\t\t\t\t\t\t<div class=\"elementor-element elementor-element-286be146 elementor-widget elementor-widget-image\" data-id=\"286be146\" data-element_type=\"widget\" data-widget_type=\"image.default\">\n\t\t\t\t<div class=\"elementor-widget-container\">\n\t\t\t\t\t\t\t\t\t\t\t\t\t\t\t<img width=\"264\" height=\"135\" src=\"https:\/\/www.ueplmerani.edu.ec\/wp-content\/uploads\/2021\/06\/logo_AC.png\" class=\"attachment-large size-large\" alt=\"\" loading=\"lazy\" \/>\t\t\t\t\t\t\t\t\t\t\t\t\t\t\t<\/div>\n\t\t\t\t<\/div>\n\t\t\t\t\t<\/div>\n\t\t<\/div>\n\t\t\t\t<div class=\"elementor-column elementor-col-25 elementor-top-column elementor-element elementor-element-29a1c447\" data-id=\"29a1c447\" data-element_type=\"column\">\n\t\t\t<div class=\"elementor-widget-wrap elementor-element-populated\">\n\t\t\t\t\t\t\t\t<div class=\"elementor-element elementor-element-727545a4 elementor-widget elementor-widget-heading\" data-id=\"727545a4\" data-element_type=\"widget\" data-widget_type=\"heading.default\">\n\t\t\t\t<div class=\"elementor-widget-container\">\n\t\t\t<h4 class=\"elementor-heading-title elementor-size-medium\">NUESTRA INSTITUCI\u00d3N<\/h4>\t\t<\/div>\n\t\t\t\t<\/div>\n\t\t\t\t<div class=\"elementor-element elementor-element-3830589b elementor-icon-list--layout-traditional elementor-list-item-link-full_width elementor-widget elementor-widget-icon-list\" data-id=\"3830589b\" data-element_type=\"widget\" data-widget_type=\"icon-list.default\">\n\t\t\t\t<div class=\"elementor-widget-container\">\n\t\t\t\t\t<ul class=\"elementor-icon-list-items\">\n\t\t\t\t\t\t\t<li class=\"elementor-icon-list-item\">\n\t\t\t\t\t<a href=\"http:\/\/...\/sobre-nosotros\/\">\t\t\t\t\t<span class=\"elementor-icon-list-text\">Sobre Nosotros<\/span>\n\t\t\t\t\t\t\t\t\t\t\t<\/a>\n\t\t\t\t\t\t\t\t\t<\/li>\n\t\t\t\t\t\t\t\t<li class=\"elementor-icon-list-item\">\n\t\t\t\t\t\t\t\t\t\t<span class=\"elementor-icon-list-text\">Eventos<\/span>\n\t\t\t\t\t\t\t\t\t<\/li>\n\t\t\t\t\t\t\t\t<li class=\"elementor-icon-list-item\">\n\t\t\t\t\t\t\t\t\t\t<span class=\"elementor-icon-list-text\">Contactos<\/span>\n\t\t\t\t\t\t\t\t\t<\/li>\n\t\t\t\t\t\t<\/ul>\n\t\t\t\t<\/div>\n\t\t\t\t<\/div>\n\t\t\t\t\t<\/div>\n\t\t<\/div>\n\t\t\t\t<div class=\"elementor-column elementor-col-25 elementor-top-column elementor-element elementor-element-29698880\" data-id=\"29698880\" data-element_type=\"column\">\n\t\t\t<div class=\"elementor-widget-wrap elementor-element-populated\">\n\t\t\t\t\t\t\t\t<div class=\"elementor-element elementor-element-5dc21704 elementor-widget elementor-widget-heading\" data-id=\"5dc21704\" data-element_type=\"widget\" data-widget_type=\"heading.default\">\n\t\t\t\t<div class=\"elementor-widget-container\">\n\t\t\t<h4 class=\"elementor-heading-title elementor-size-medium\">ENLACES R\u00c1PIDOS<\/h4>\t\t<\/div>\n\t\t\t\t<\/div>\n\t\t\t\t<div class=\"elementor-element elementor-element-40c01cc0 elementor-icon-list--layout-traditional elementor-list-item-link-full_width elementor-widget elementor-widget-icon-list\" data-id=\"40c01cc0\" data-element_type=\"widget\" data-widget_type=\"icon-list.default\">\n\t\t\t\t<div class=\"elementor-widget-container\">\n\t\t\t\t\t<ul class=\"elementor-icon-list-items\">\n\t\t\t\t\t\t\t<li class=\"elementor-icon-list-item\">\n\t\t\t\t\t\t\t\t\t\t<span class=\"elementor-icon-list-text\">Oferta Acad\u00e9mica<\/span>\n\t\t\t\t\t\t\t\t\t<\/li>\n\t\t\t\t\t\t\t\t<li class=\"elementor-icon-list-item\">\n\t\t\t\t\t\t\t\t\t\t<span class=\"elementor-icon-list-text\">Eventos<\/span>\n\t\t\t\t\t\t\t\t\t<\/li>\n\t\t\t\t\t\t\t\t<li class=\"elementor-icon-list-item\">\n\t\t\t\t\t\t\t\t\t\t<span class=\"elementor-icon-list-text\">Galer\u00eda<\/span>\n\t\t\t\t\t\t\t\t\t<\/li>\n\t\t\t\t\t\t<\/ul>\n\t\t\t\t<\/div>\n\t\t\t\t<\/div>\n\t\t\t\t\t<\/div>\n\t\t<\/div>\n\t\t\t\t<div class=\"elementor-column elementor-col-25 elementor-top-column elementor-element elementor-element-1e0c7485\" data-id=\"1e0c7485\" data-element_type=\"column\">\n\t\t\t<div class=\"elementor-widget-wrap elementor-element-populated\">\n\t\t\t\t\t\t\t\t<div class=\"elementor-element elementor-element-27780cfe elementor-widget elementor-widget-heading\" data-id=\"27780cfe\" data-element_type=\"widget\" data-widget_type=\"heading.default\">\n\t\t\t\t<div class=\"elementor-widget-container\">\n\t\t\t<h4 class=\"elementor-heading-title elementor-size-medium\">CONTACTO<\/h4>\t\t<\/div>\n\t\t\t\t<\/div>\n\t\t\t\t<div class=\"elementor-element elementor-element-7584ed4c elementor-icon-list--layout-traditional elementor-list-item-link-full_width elementor-widget elementor-widget-icon-list\" data-id=\"7584ed4c\" data-element_type=\"widget\" data-widget_type=\"icon-list.default\">\n\t\t\t\t<div class=\"elementor-widget-container\">\n\t\t\t\t\t<ul class=\"elementor-icon-list-items\">\n\t\t\t\t\t\t\t<li class=\"elementor-icon-list-item\">\n\t\t\t\t\t\t\t\t\t\t\t<span class=\"elementor-icon-list-icon\">\n\t\t\t\t\t\t\t<i aria-hidden=\"true\" class=\"far fa-building\"><\/i>\t\t\t\t\t\t<\/span>\n\t\t\t\t\t\t\t\t\t\t<span class=\"elementor-icon-list-text\">Calder\u00f3n, Car\u00e1n y Pasaje de las Dalias | Quito - Ecuador<\/span>\n\t\t\t\t\t\t\t\t\t<\/li>\n\t\t\t\t\t\t\t\t<li class=\"elementor-icon-list-item\">\n\t\t\t\t\t\t\t\t\t\t\t<span class=\"elementor-icon-list-icon\">\n\t\t\t\t\t\t\t<i aria-hidden=\"true\" class=\"fas fa-phone\"><\/i>\t\t\t\t\t\t<\/span>\n\t\t\t\t\t\t\t\t\t\t<span class=\"elementor-icon-list-text\">Tel\u00e9fono: Tel\u00e9fonos: (593 2) 2821 825 \/ 2021 801<\/span>\n\t\t\t\t\t\t\t\t\t<\/li>\n\t\t\t\t\t\t\t\t<li class=\"elementor-icon-list-item\">\n\t\t\t\t\t\t\t\t\t\t\t<span class=\"elementor-icon-list-icon\">\n\t\t\t\t\t\t\t<i aria-hidden=\"true\" class=\"fas fa-mail-bulk\"><\/i>\t\t\t\t\t\t<\/span>\n\t\t\t\t\t\t\t\t\t\t<span class=\"elementor-icon-list-text\">E-mail: secretaria@ueplmerani.edu.ec<\/span>\n\t\t\t\t\t\t\t\t\t<\/li>\n\t\t\t\t\t\t<\/ul>\n\t\t\t\t<\/div>\n\t\t\t\t<\/div>\n\t\t\t\t\t<\/div>\n\t\t<\/div>\n\t\t\t\t\t\t\t<\/div>\n\t\t<\/section>\n\t\t\t\t\t\t<\/div>\n\t\t\t\t\t<\/div>\n\t\t","protected":false},"excerpt":{"rendered":"<p>RESE\u00d1A BIOGR\u00c1FICA PROFESOR ALBERTO L. MERANI. La \u201cUnidad Educativa \u201cProfesor Luis Merani\u201d enaltece el nombre de uno de los mejores exponentes de la Literatura Psicol\u00f3gica de Am\u00e9rica Latina, el ilustre m\u00e9dico, psic\u00f3logo gen\u00e9tico, materialista y dial\u00e9ctico \u201cProfesor Alberto L. Merani\u201d. Estudioso incansable de las \u201cTeor\u00edas Psicol\u00f3gicas de la Psicopatolog\u00eda\u201d y de las \u201cTeor\u00edas de la [&hellip;]<\/p>\n","protected":false},"author":2,"featured_media":0,"parent":694,"menu_order":0,"comment_status":"closed","ping_status":"closed","template":"","meta":[],"_links":{"self":[{"href":"https:\/\/www.ueplmerani.edu.ec\/index.php\/wp-json\/wp\/v2\/pages\/1849"}],"collection":[{"href":"https:\/\/www.ueplmerani.edu.ec\/index.php\/wp-json\/wp\/v2\/pages"}],"about":[{"href":"https:\/\/www.ueplmerani.edu.ec\/index.php\/wp-json\/wp\/v2\/types\/page"}],"author":[{"embeddable":true,"href":"https:\/\/www.ueplmerani.edu.ec\/index.php\/wp-json\/wp\/v2\/users\/2"}],"replies":[{"embeddable":true,"href":"https:\/\/www.ueplmerani.edu.ec\/index.php\/wp-json\/wp\/v2\/comments?post=1849"}],"version-history":[{"count":29,"href":"https:\/\/www.ueplmerani.edu.ec\/index.php\/wp-json\/wp\/v2\/pages\/1849\/revisions"}],"predecessor-version":[{"id":2020,"href":"https:\/\/www.ueplmerani.edu.ec\/index.php\/wp-json\/wp\/v2\/pages\/1849\/revisions\/2020"}],"up":[{"embeddable":true,"href":"https:\/\/www.ueplmerani.edu.ec\/index.php\/wp-json\/wp\/v2\/pages\/694"}],"wp:attachment":[{"href":"https:\/\/www.ueplmerani.edu.ec\/index.php\/wp-json\/wp\/v2\/media?parent=1849"}],"curies":[{"name":"wp","href":"https:\/\/api.w.org\/{rel}","templated":true}]}}